{"id":8,"date":"2024-12-30T02:27:06","date_gmt":"2024-12-30T02:27:06","guid":{"rendered":"http:\/\/sw-themes.com\/porto_dummy\/?page_id=8"},"modified":"2026-02-02T20:43:54","modified_gmt":"2026-02-02T20:43:54","slug":"tipps-und-faqs","status":"publish","type":"page","link":"https:\/\/pm-umzuege.de\/index.php\/tipps-und-faqs\/","title":{"rendered":"Tipps und Faqs"},"content":{"rendered":"<div class=\"wpb-content-wrapper\"><p>[vc_row wrap_container=&#8221;yes&#8221; conditional_render=&#8221;%5B%7B%22value_role%22%3A%22administrator%22%7D%5D&#8221; css_params=&#8221;&#8221; css=&#8221;.vc_custom_1736837127373{margin-top: 2.9rem !important;margin-bottom: 0.95rem !important;}&#8221;][vc_column conditional_render=&#8221;%5B%7B%22value_role%22%3A%22administrator%22%7D%5D&#8221; css_params=&#8221;&#8221; css=&#8221;.vc_custom_1736824575641{padding-right: 3% !important;padding-left: 3% !important;}&#8221;]<div class=\"porto-u-heading  wpb_custom_3a389ccb51879219a38406e556fd4048 porto-u-55ca8359258f9a412be7e73af65d2aac  vc_custom_1768855208111\" data-appear-animation=\"fadeInUp\" data-appear-animation-delay=\"200\"><div class=\"porto-u-main-heading\"><h2  >Gut vorbereitet umziehen \u2013 mit Wissen, Erfahrung und klaren Antworten<\/h2><\/div><style>.porto-u-55ca8359258f9a412be7e73af65d2aac.porto-u-heading{text-align:center}<\/style><\/div>[vc_custom_heading text=&#8221;Ein erfolgreicher Umzug beginnt mit der richtigen Vorbereitung und den passenden Informationen. Bei PM-Umz\u00fcge setzen wir auf einen klaren, strukturierten und praxisnahen Ansatz, um unseren Kunden Sicherheit und Orientierung zu geben. Auf dieser Seite finden Sie hilfreiche Tipps rund um den Umzug sowie Antworten auf h\u00e4ufig gestellte Fragen, damit Sie Ihren Umzug entspannt und gut informiert planen k\u00f6nnen.&#8221; font_container=&#8221;tag:p|text_align:center&#8221; use_theme_fonts=&#8221;yes&#8221; animation_delay=&#8221;400&#8243; css=&#8221;.vc_custom_1768855299522{margin-bottom: 2.5rem !important;}&#8221; css_params=&#8221;&#8221; animation_type=&#8221;fadeInUp&#8221;][vc_custom_heading text=&#8221;Unser Ziel ist es, Transparenz zu schaffen, Unsicherheiten zu vermeiden und Ihnen zu zeigen, worauf es wirklich ankommt \u2013 von der Planung \u00fcber die Verpackung bis hin zum Umzugstag selbst.&#8221; font_container=&#8221;tag:p|text_align:center&#8221; use_theme_fonts=&#8221;yes&#8221; animation_delay=&#8221;400&#8243; css=&#8221;.vc_custom_1768855313377{margin-bottom: 2.5rem !important;}&#8221; css_params=&#8221;&#8221; animation_type=&#8221;fadeInUp&#8221;][\/vc_column][\/vc_row][vc_row wrap_container=&#8221;yes&#8221; css=&#8221;.vc_custom_1736835622488{margin-bottom: 2.2rem !important;}&#8221; conditional_render=&#8221;%5B%7B%22value_role%22%3A%22administrator%22%7D%5D&#8221; css_params=&#8221;&#8221;][vc_column width=&#8221;1\/2&#8243; offset=&#8221;vc_col-md-3&#8243; conditional_render=&#8221;%5B%7B%22value_role%22%3A%22administrator%22%7D%5D&#8221; css_params=&#8221;&#8221;]<div class=\"stats-block stats-top   wpb_custom_830e088c1b113c22c862f29808ace4f2\" data-appear-animation=\"fadeInUp\"><div class=\"stats-desc\"><div id=\"counter_105133252769e482fce46a8\" data-id=\"counter_105133252769e482fce46a8\" class=\"stats-number\" style=\" color:var(--porto-dark-color);\" data-speed=\"3\" data-counter-value=\"4\" data-separator=\",\" data-decimal=\".\">0<\/div><div class=\"counter_suffix mycust\" style=\" color:var(--porto-dark-color)\">+<\/div><div class=\"stats-text\" style=\"color:var(--porto-dark-color);\">Erfahrung<\/div><\/div><\/div>[\/vc_column][vc_column width=&#8221;1\/2&#8243; offset=&#8221;vc_col-md-3&#8243; conditional_render=&#8221;%5B%7B%22value_role%22%3A%22administrator%22%7D%5D&#8221; css_params=&#8221;&#8221;]<div class=\"stats-block stats-top   wpb_custom_830e088c1b113c22c862f29808ace4f2\" data-appear-animation=\"fadeInUp\" data-appear-animation-delay=\"200\"><div class=\"stats-desc\"><div id=\"counter_204572113369e482fce4885\" data-id=\"counter_204572113369e482fce4885\" class=\"stats-number\" style=\" color:var(--porto-dark-color);\" data-speed=\"3\" data-counter-value=\"250\" data-separator=\",\" data-decimal=\".\">0<\/div><div class=\"counter_suffix mycust\" style=\" color:var(--porto-dark-color)\">+<\/div><div class=\"stats-text\" style=\"color:var(--porto-dark-color);\">Umz\u00fcge<\/div><\/div><\/div>[\/vc_column][vc_column width=&#8221;1\/2&#8243; offset=&#8221;vc_col-md-3&#8243; conditional_render=&#8221;%5B%7B%22value_role%22%3A%22administrator%22%7D%5D&#8221; css_params=&#8221;&#8221;]<div class=\"stats-block stats-top   wpb_custom_830e088c1b113c22c862f29808ace4f2\" data-appear-animation=\"fadeInUp\" data-appear-animation-delay=\"400\"><div class=\"stats-desc\"><div id=\"counter_170801222369e482fce4a1f\" data-id=\"counter_170801222369e482fce4a1f\" class=\"stats-number\" style=\" color:var(--porto-dark-color);\" data-speed=\"3\" data-counter-value=\"100\" data-separator=\",\" data-decimal=\".\">0<\/div><div class=\"counter_suffix mycust\" style=\" color:var(--porto-dark-color)\">%<\/div><div class=\"stats-text\" style=\"color:var(--porto-dark-color);\">Qualit\u00e4t<\/div><\/div><\/div>[\/vc_column][vc_column width=&#8221;1\/2&#8243; offset=&#8221;vc_col-md-3&#8243; conditional_render=&#8221;%5B%7B%22value_role%22%3A%22administrator%22%7D%5D&#8221; css_params=&#8221;&#8221;]<div class=\"stats-block stats-top   wpb_custom_830e088c1b113c22c862f29808ace4f2\" data-appear-animation=\"fadeInUp\" data-appear-animation-delay=\"600\"><div class=\"stats-desc\"><div id=\"counter_37680036569e482fce4b96\" data-id=\"counter_37680036569e482fce4b96\" class=\"stats-number\" style=\" color:var(--porto-dark-color);\" data-speed=\"3\" data-counter-value=\"5\" data-separator=\",\" data-decimal=\".\">0<\/div><div class=\"counter_suffix mycust\" style=\" color:var(--porto-dark-color)\">+<\/div><div class=\"stats-text\" style=\"color:var(--porto-dark-color);\">Sternebwertung bei Google<\/div><\/div><\/div>[\/vc_column][\/vc_row][vc_row wrap_container=&#8221;yes&#8221; conditional_render=&#8221;%5B%7B%22value_role%22%3A%22administrator%22%7D%5D&#8221; css_params=&#8221;&#8221;][vc_column]<section class=\"step-timeline timeline custom-timeline wpb_custom_277df85191ed98a3bd16dde4a0bcb7cd\"><div class=\"timeline-body\"><div class=\"timeline-number  wpb_custom_3ec79fb1dc2e50eade6c4428c7688b0a\"><h3 class=\"time-text step-item-subtitle\">1<\/h3><\/div><div class=\"row mt-5 mb-5 align-items-center justify-content-around  img-round  wpb_custom_3ec79fb1dc2e50eade6c4428c7688b0a\"><div class=\"timeline-image text-center text-lg-start col-lg-5 p-3 order-0\"><img decoding=\"async\" src=\"\/\/pm-umzuege.de\/wp-content\/uploads\/2025\/03\/accounting-team-1.jpg\" class=\"img-responsive\" alt=\"Erstberatung\"><\/div><div class=\"col-lg-5 p-3 pt-0 text-center text-lg-start timeline-content\"><h4 class=\"timeline-item-title step-item-title\">Erstberatung<\/h4><div class=\"timeline-item-content pe-lg-5\">\n<p data-start=\"291\" data-end=\"503\">Wir beginnen mit einer ausf\u00fchrlichen Beratung, um Ihre W\u00fcnsche, den Umfang des Umzugs und besondere Anforderungen genau zu verstehen. So schaffen wir die Grundlage f\u00fcr einen reibungslosen und gut geplanten Umzug.<\/p>\n<p><\/div><\/div><\/div><div class=\"timeline-number  wpb_custom_3ec79fb1dc2e50eade6c4428c7688b0a\"><h3 class=\"time-text step-item-subtitle\">2<\/h3><\/div><div class=\"row mt-5 mb-5 align-items-center justify-content-around  img-round  wpb_custom_3ec79fb1dc2e50eade6c4428c7688b0a\"><div class=\"timeline-image text-center text-lg-start col-lg-5 p-3 order-lg-1\"><img decoding=\"async\" src=\"\/\/pm-umzuege.de\/wp-content\/uploads\/2025\/01\/neric-20-1.jpg\" class=\"img-responsive\" alt=\"Individuelle Umzugsplanung\"><\/div><div class=\"col-lg-5 p-3 pt-0 text-center text-lg-start timeline-content\"><h4 class=\"timeline-item-title step-item-title\">Individuelle Umzugsplanung<\/h4><div class=\"timeline-item-content pe-lg-5\">\n<p data-start=\"550\" data-end=\"768\">Auf Basis der Erstberatung erstellen wir einen ma\u00dfgeschneiderten Umzugsplan. Dieser ber\u00fccksichtigt Zeitabl\u00e4ufe, Verpackung, Transport, M\u00f6belmontage sowie m\u00f6gliche Zusatzleistungen, um Ihren Umzug optimal vorzubereiten.<\/p>\n<p><\/div><\/div><\/div><div class=\"timeline-number  wpb_custom_3ec79fb1dc2e50eade6c4428c7688b0a\"><h3 class=\"time-text step-item-subtitle\">3<\/h3><\/div><div class=\"row mt-5 mb-5 align-items-center justify-content-around  img-round  wpb_custom_3ec79fb1dc2e50eade6c4428c7688b0a\"><div class=\"timeline-image text-center text-lg-start col-lg-5 p-3 order-0\"><img decoding=\"async\" src=\"\/\/pm-umzuege.de\/wp-content\/uploads\/2026\/01\/FFlash.webp\" class=\"img-responsive\" alt=\"Durchf\u00fchrung\"><\/div><div class=\"col-lg-5 p-3 pt-0 text-center text-lg-start timeline-content\"><h4 class=\"timeline-item-title step-item-title\">Durchf\u00fchrung<\/h4><div class=\"timeline-item-content pe-lg-5\">\n<p data-start=\"801\" data-end=\"1021\">Nach Freigabe des Plans \u00fcbernimmt unser Team die komplette Umsetzung. Wir k\u00fcmmern uns um <strong data-start=\"890\" data-end=\"919\">professionelle Verpackung<\/strong>, sicheren Transport und den fachgerechten Auf- und Abbau Ihrer M\u00f6bel \u2013 zuverl\u00e4ssig und termingerecht.<\/p>\n<p><\/div><\/div><\/div><div class=\"timeline-number  wpb_custom_3ec79fb1dc2e50eade6c4428c7688b0a\"><h3 class=\"time-text step-item-subtitle\">4<\/h3><\/div><div class=\"row mt-5 mb-5 align-items-center justify-content-around  img-round  wpb_custom_3ec79fb1dc2e50eade6c4428c7688b0a\"><div class=\"timeline-image text-center text-lg-start col-lg-5 p-3 order-lg-1\"><img decoding=\"async\" src=\"\/\/pm-umzuege.de\/wp-content\/uploads\/2026\/01\/DSC_9253-scaled.jpg\" class=\"img-responsive\" alt=\"Nachbetreuung und Unterst\u00fctzung\"><\/div><div class=\"col-lg-5 p-3 pt-0 text-center text-lg-start timeline-content\"><h4 class=\"timeline-item-title step-item-title\">Nachbetreuung und Unterst\u00fctzung<\/h4><div class=\"timeline-item-content pe-lg-5\">\n<p data-start=\"1073\" data-end=\"1269\">Auch nach dem Umzug lassen wir Sie nicht allein. Wir stehen f\u00fcr R\u00fcckfragen zur Verf\u00fcgung, pr\u00fcfen den Ablauf und sorgen daf\u00fcr, dass Sie sich am neuen Standort schnell und entspannt einleben k\u00f6nnen.<\/p>\n<p><\/div><\/div><\/div><\/div><\/section>[\/vc_column][\/vc_row][vc_row wrap_container=&#8221;yes&#8221; conditional_render=&#8221;%5B%7B%22value_role%22%3A%22administrator%22%7D%5D&#8221; css_params=&#8221;{&#8220;css_margin_bottom_lg&#8220;:&#8220;-1rem&#8220;}&#8221; css=&#8221;.vc_custom_1736835517884{margin-bottom: -2rem !important;}&#8221; custom_css_response=&#8221;@media(max-width:991px){.vc_custom_1736835517884{margin-bottom:-1rem!important;}}&#8221;][vc_column]<div class=\"porto-u-heading  wpb_custom_8a90dd7ff9fe53ed2d0779a727369914 porto-u-55ca8359258f9a412be7e73af65d2aac  vc_custom_1736837257674\" data-appear-animation=\"slideInUp\" data-appear-animation-delay=\"200\"><div class=\"porto-u-main-heading\"><h2   style=\"color:#f4f4f4;\">FAQ's<\/h2><\/div><style>.porto-u-55ca8359258f9a412be7e73af65d2aac.porto-u-heading{text-align:center}<\/style><\/div>[\/vc_column][\/vc_row][vc_row wrap_container=&#8221;yes&#8221; css=&#8221;.vc_custom_1736835962916{padding-top: 6rem !important;padding-right: 2rem !important;padding-bottom: 2.5rem !important;padding-left: 2rem !important;background-color: #f4f4f4 !important;border-radius: 10px !important;}&#8221; conditional_render=&#8221;%5B%7B%22value_role%22%3A%22administrator%22%7D%5D&#8221; css_params=&#8221;&#8221;][vc_column]<div class=\"porto-u-heading  wpb_custom_ef7029ac3e3586a26af829e61d379d76 porto-u-ad87e2eaf3f9c495180fe0156ddf3eb0  vc_custom_1768670950759\" data-appear-animation=\"fadeInUp\" data-appear-animation-delay=\"200\"><div class=\"porto-u-main-heading\"><h2  >H\u00e4ufig gestellte Fragen<\/h2><\/div><style>.porto-u-ad87e2eaf3f9c495180fe0156ddf3eb0.porto-u-heading{text-align:left}<\/style><\/div><div class=\"porto-faqs porto-faqsec3l wpb_content_element  custom-border\">\r\n\t<div class=\"page-faqs clearfix wpb_custom_13e4a22659e24bda4ed66793fd2196ff\" id=\"porto_faqs_ti7t\">\r\n\r\n\t\t\r\n\t\t\r\n\t\t<div class=\"faq-row faqs-container\">\r\n\t\t\t\r\n<div class=\"faq faqs post-3268 type-faq status-publish hentry faq_cat-faqs\">\r\n\t<section class=\"toggle\">\r\n\t\t<label>Wie l\u00e4uft ein Umzug mit PM-Umz\u00fcge von Anfang bis Ende ab?<\/label>\r\n\t\t<div class=\"toggle-content\">\r\n\t\t<h3 class=\"entry-title\" style=\"display: none;\">Wie l\u00e4uft ein Umzug mit PM-Umz\u00fcge von Anfang bis Ende ab?<\/h3><span class=\"vcard\" style=\"display: none;\"><span class=\"fn\"><a href=\"https:\/\/pm-umzuege.de\/index.php\/author\/pmumzuege\/\" title=\"Posts by admin\" rel=\"author\">admin<\/a><\/span><\/span><span class=\"updated\" style=\"display:none\">2026-01-06T10:10:48+00:00<\/span>\r\n<p>Bei PM-Umz\u00fcge begleiten wir Sie Schritt f\u00fcr Schritt \u2013 von der ersten Beratung bis zum letzten Handgriff in Ihrem neuen Zuhause oder B\u00fcro. Wir erstellen gemeinsam mit Ihnen einen detaillierten Plan, ber\u00fccksichtigen alle individuellen W\u00fcnsche und organisieren den Transport zuverl\u00e4ssig. Unser Ziel ist, dass Sie Ihren Umzug entspannt erleben und sich auf Ihr neues Zuhause freuen k\u00f6nnen.<\/p>\r\n\t\t<\/div>\r\n\t<\/section>\r\n<\/div>\r\n\r\n<div class=\"faq faqs post-3267 type-faq status-publish hentry faq_cat-faqs\">\r\n\t<section class=\"toggle\">\r\n\t\t<label>Welche Leistungen bietet PM-Umz\u00fcge an?<\/label>\r\n\t\t<div class=\"toggle-content\">\r\n\t\t<h3 class=\"entry-title\" style=\"display: none;\">Welche Leistungen bietet PM-Umz\u00fcge an?<\/h3><span class=\"vcard\" style=\"display: none;\"><span class=\"fn\"><a href=\"https:\/\/pm-umzuege.de\/index.php\/author\/pmumzuege\/\" title=\"Posts by admin\" rel=\"author\">admin<\/a><\/span><\/span><span class=\"updated\" style=\"display:none\">2026-02-02T10:45:02+00:00<\/span>\r\n<div>Unsere Leistungen auf einen Blick<\/div>\r\n<ul>\r\n<li>Professionelle K\u00fcchen-Demontage &amp; -Montage<\/li>\r\n<li>Privatumz\u00fcge in Osnabr\u00fcck &amp; deutschlandweit<\/li>\r\n<li>Firmen- und Beh\u00f6rdenumz\u00fcge<\/li>\r\n<li>Nationale &amp; internationale Transporte<\/li>\r\n<li>Seniorenumz\u00fcge &amp; Transporte von empfindlichem Umzugsgut<\/li>\r\n<li>Klaviertransporte\u00a0<\/li>\r\n<li>Entr\u00fcmpelungen &amp; umweltgerechte Entsorgung<\/li>\r\n<\/ul>\r\n\t\t<\/div>\r\n\t<\/section>\r\n<\/div>\r\n\r\n<div class=\"faq faqs post-3266 type-faq status-publish hentry faq_cat-faqs\">\r\n\t<section class=\"toggle\">\r\n\t\t<label>Wie werden meine M\u00f6bel und Gegenst\u00e4nde gesch\u00fctzt?<\/label>\r\n\t\t<div class=\"toggle-content\">\r\n\t\t<h3 class=\"entry-title\" style=\"display: none;\">Wie werden meine M\u00f6bel und Gegenst\u00e4nde gesch\u00fctzt?<\/h3><span class=\"vcard\" style=\"display: none;\"><span class=\"fn\"><a href=\"https:\/\/pm-umzuege.de\/index.php\/author\/pmumzuege\/\" title=\"Posts by admin\" rel=\"author\">admin<\/a><\/span><\/span><span class=\"updated\" style=\"display:none\">2026-02-02T10:43:13+00:00<\/span>\r\n<p>Wir verwenden hochwertige Verpackungsmaterialien und professionelle Schutzsysteme f\u00fcr M\u00f6bel, Elektroger\u00e4te und empfindliche Gegenst\u00e4nde. Ihr gesamtes Umzugsgut wird sorgf\u00e4ltig gesichert, um Besch\u00e4digungen w\u00e4hrend des Transports zu vermeiden.<br \/>Unser geschultes Team geht verantwortungsvoll mit zerbrechlichen und wertvollen Gegenst\u00e4nden um.<\/p>\r\n\t\t<\/div>\r\n\t<\/section>\r\n<\/div>\r\n\r\n<div class=\"faq faqs post-3265 type-faq status-publish hentry faq_cat-faqs\">\r\n\t<section class=\"toggle\">\r\n\t\t<label>Wie lange dauert ein Umzug normalerweise?<\/label>\r\n\t\t<div class=\"toggle-content\">\r\n\t\t<h3 class=\"entry-title\" style=\"display: none;\">Wie lange dauert ein Umzug normalerweise?<\/h3><span class=\"vcard\" style=\"display: none;\"><span class=\"fn\"><a href=\"https:\/\/pm-umzuege.de\/index.php\/author\/pmumzuege\/\" title=\"Posts by admin\" rel=\"author\">admin<\/a><\/span><\/span><span class=\"updated\" style=\"display:none\">2026-01-06T10:10:48+00:00<\/span>\r\n<p>Die Dauer h\u00e4ngt von Umfang, Entfernung und Art des Umzugs ab. PM-Umz\u00fcge erstellt f\u00fcr jeden Kunden einen individuellen Zeitplan. In der Regel dauern lokale Umz\u00fcge einen Tag, w\u00e4hrend nationale oder internationale Umz\u00fcge mehrere Tage in Anspruch nehmen k\u00f6nnen. Wir sorgen daf\u00fcr, dass alles termingerecht und effizient abl\u00e4uft.<\/p>\r\n\t\t<\/div>\r\n\t<\/section>\r\n<\/div>\r\n\r\n<div class=\"faq faqs post-3264 type-faq status-publish hentry faq_cat-faqs\">\r\n\t<section class=\"toggle\">\r\n\t\t<label>Was kostet ein Umzug bei PM-Umz\u00fcge?<\/label>\r\n\t\t<div class=\"toggle-content\">\r\n\t\t<h3 class=\"entry-title\" style=\"display: none;\">Was kostet ein Umzug bei PM-Umz\u00fcge?<\/h3><span class=\"vcard\" style=\"display: none;\"><span class=\"fn\"><a href=\"https:\/\/pm-umzuege.de\/index.php\/author\/pmumzuege\/\" title=\"Posts by admin\" rel=\"author\">admin<\/a><\/span><\/span><span class=\"updated\" style=\"display:none\">2026-01-06T10:10:48+00:00<\/span>\r\n<p>Wir bieten transparente und faire Preise: Sie bezahlen nur die Leistungen, die Sie wirklich ben\u00f6tigen. Nach einer kostenlosen Vor-Ort-Besichtigung erhalten Sie ein verbindliches Angebot ohne versteckte Kosten. So k\u00f6nnen Sie Ihren Umzug entspannt planen und das Budget genau kalkulieren.<\/p>\r\n\t\t<\/div>\r\n\t<\/section>\r\n<\/div>\r\n\r\n<div class=\"faq faqs post-3263 type-faq status-publish hentry faq_cat-faqs\">\r\n\t<section class=\"toggle\">\r\n\t\t<label>Kann PM-Umz\u00fcge auch internationale Umz\u00fcge organisieren?<\/label>\r\n\t\t<div class=\"toggle-content\">\r\n\t\t<h3 class=\"entry-title\" style=\"display: none;\">Kann PM-Umz\u00fcge auch internationale Umz\u00fcge organisieren?<\/h3><span class=\"vcard\" style=\"display: none;\"><span class=\"fn\"><a href=\"https:\/\/pm-umzuege.de\/index.php\/author\/pmumzuege\/\" title=\"Posts by admin\" rel=\"author\">admin<\/a><\/span><\/span><span class=\"updated\" style=\"display:none\">2026-01-06T10:10:48+00:00<\/span>\r\n<p>Ja, wir verf\u00fcgen \u00fcber Erfahrung mit internationalen Umz\u00fcgen in ganz Europa. Wir k\u00fcmmern uns um Transport, Zollformalit\u00e4ten und die Organisation von Halteverbotszonen, damit Ihr Umzug reibungslos und stressfrei verl\u00e4uft \u2013 egal, wohin es geht.<\/p>\r\n\t\t<\/div>\r\n\t<\/section>\r\n<\/div>\r\n\r\n<div class=\"faq faqs post-3262 type-faq status-publish hentry faq_cat-faqs\">\r\n\t<section class=\"toggle\">\r\n\t\t<label>Warum sollte ich PM-Umz\u00fcge w\u00e4hlen?<\/label>\r\n\t\t<div class=\"toggle-content\">\r\n\t\t<h3 class=\"entry-title\" style=\"display: none;\">Warum sollte ich PM-Umz\u00fcge w\u00e4hlen?<\/h3><span class=\"vcard\" style=\"display: none;\"><span class=\"fn\"><a href=\"https:\/\/pm-umzuege.de\/index.php\/author\/pmumzuege\/\" title=\"Posts by admin\" rel=\"author\">admin<\/a><\/span><\/span><span class=\"updated\" style=\"display:none\">2026-01-06T10:10:48+00:00<\/span>\r\n<p>PM-Umz\u00fcge steht f\u00fcr Erfahrung, Zuverl\u00e4ssigkeit und pers\u00f6nlichen Service. Mit unserem Standort in Osnabr\u00fcck und deutschlandweiter Einsatzbereitschaft garantieren wir schnelle Reaktionszeiten, individuelle Betreuung und h\u00f6chste Qualit\u00e4t bei jedem Umzug. Unser Ziel ist, dass Sie sich w\u00e4hrend des gesamten Prozesses sicher und gut aufgehoben f\u00fchlen.<\/p>\r\n\t\t<\/div>\r\n\t<\/section>\r\n<\/div>\r\n\t\t<\/div>\r\n\r\n\t\t\r\n\t<\/div>\r\n\r\n\t\r\n\t<\/div>[\/vc_column][\/vc_row][vc_row wrap_container=&#8221;yes&#8221; css=&#8221;.vc_custom_1736836863337{background-color: var(&#8211;porto-secondary-color) !important;border-radius: 10px !important;}&#8221; conditional_render=&#8221;%5B%7B%22value_role%22%3A%22administrator%22%7D%5D&#8221; css_params=&#8221;&#8221; el_class=&#8221;overflow-hidden&#8221;][vc_column el_class=&#8221;items-flex&#8221; conditional_render=&#8221;%5B%7B%22value_role%22%3A%22administrator%22%7D%5D&#8221; css_params=&#8221;&#8221;][\/vc_column][\/vc_row]<\/p>\n<\/div>","protected":false},"excerpt":{"rendered":"<p>[vc_row wrap_container=&#8221;yes&#8221; conditional_render=&#8221;%5B%7B%22value_role%22%3A%22administrator%22%7D%5D&#8221; css_params=&#8221;&#8221; css=&#8221;.vc_custom_1736837127373{margin-top: 2.9rem !important;margin-bottom: 0.95rem !important;}&#8221;][vc_column conditional_render=&#8221;%5B%7B%22value_role%22%3A%22administrator%22%7D%5D&#8221; css_params=&#8221;&#8221; css=&#8221;.vc_custom_1736824575641{padding-right: 3% !important;padding-left: 3% !important;}&#8221;][vc_custom_heading text=&#8221;Ein erfolgreicher Umzug beginnt mit der richtigen Vorbereitung und den passenden Informationen. Bei PM-Umz\u00fcge setzen wir auf einen klaren, strukturierten und praxisnahen Ansatz, um unseren Kunden Sicherheit und Orientierung zu geben. Auf dieser Seite finden Sie hilfreiche Tipps rund [&hellip;]<\/p>\n","protected":false},"author":1,"featured_media":0,"parent":0,"menu_order":0,"comment_status":"closed","ping_status":"closed","template":"","meta":{"_acf_changed":false,"footnotes":""},"class_list":["post-8","page","type-page","status-publish","hentry"],"acf":[],"_links":{"self":[{"href":"https:\/\/pm-umzuege.de\/index.php\/wp-json\/wp\/v2\/pages\/8","targetHints":{"allow":["GET"]}}],"collection":[{"href":"https:\/\/pm-umzuege.de\/index.php\/wp-json\/wp\/v2\/pages"}],"about":[{"href":"https:\/\/pm-umzuege.de\/index.php\/wp-json\/wp\/v2\/types\/page"}],"author":[{"embeddable":true,"href":"https:\/\/pm-umzuege.de\/index.php\/wp-json\/wp\/v2\/users\/1"}],"replies":[{"embeddable":true,"href":"https:\/\/pm-umzuege.de\/index.php\/wp-json\/wp\/v2\/comments?post=8"}],"version-history":[{"count":16,"href":"https:\/\/pm-umzuege.de\/index.php\/wp-json\/wp\/v2\/pages\/8\/revisions"}],"predecessor-version":[{"id":6067,"href":"https:\/\/pm-umzuege.de\/index.php\/wp-json\/wp\/v2\/pages\/8\/revisions\/6067"}],"wp:attachment":[{"href":"https:\/\/pm-umzuege.de\/index.php\/wp-json\/wp\/v2\/media?parent=8"}],"curies":[{"name":"wp","href":"https:\/\/api.w.org\/{rel}","templated":true}]}}