{"id":6023,"date":"2026-02-02T12:45:00","date_gmt":"2026-02-02T12:45:00","guid":{"rendered":"https:\/\/pm-umzuege.de\/?page_id=6023"},"modified":"2026-02-02T12:55:56","modified_gmt":"2026-02-02T12:55:56","slug":"impressum-2","status":"publish","type":"page","link":"https:\/\/pm-umzuege.de\/index.php\/impressum-2\/","title":{"rendered":"Impressum"},"content":{"rendered":"<div class=\"wpb-content-wrapper\"><p>[vc_row wrap_container=&#8221;yes&#8221; el_class=&#8221;my-1 py-5 bg-top-right&#8221; css=&#8221;.vc_custom_1593075657165{background-image: url(\/\/sw-themes.com\/porto_dummy\/wp-content\/uploads\/2020\/06\/dots-background-4.png?id=354) !important;background-position: 0 0 !important;background-repeat: no-repeat !important;}&#8221;][vc_column el_class=&#8221;mt-3&#8243;]<div class=\"porto-animation overflow-hidden mb-4\" >[vc_custom_heading text=&#8221;Impressum&#8221; font_container=&#8221;tag:h1|font_size:2.3em|text_align:left|line_height:1.2&#8243; use_theme_fonts=&#8221;yes&#8221; animation_delay=&#8221;500&#8243; el_class=&#8221;mb-0&#8243; css_params=&#8221;&#8221;]<\/div>[vc_custom_heading text=&#8221;Angaben gem\u00e4\u00df \u00a7 5 DDG<br \/>\nFirma:<br \/>\nMaya Fettig<br \/>\nPM Umz\u00fcge<br \/>\nEinzelunternehmen<\/p>\n<p>Inhaberin:<br \/>\nMaya Fettig<\/p>\n<p>Anschrift:<br \/>\nDarumer Stra\u00dfe 10B<br \/>\n49086 Osnabr\u00fcck<br \/>\nDeutschland<\/p>\n<p>Kontakt:<br \/>\nTelefon: 015205121367<br \/>\nE-Mail: info@pm-umzuege.de<\/p>\n<p>Umsatzsteuer-Identifikationsnummer gem\u00e4\u00df<br \/>\n\u00a7 27a Umsatzsteuergesetz (UStG):<br \/>\nDE401739735<\/p>\n<p>Berufsbezeichnung:<br \/>\nUmzugshelfer\/ K\u00fcchenmonteur (verliehen in Deutschland)<\/p>\n<p>Hosting:<br \/>\nWebhoster.de AG<br \/>\nDeutschland&#8221; font_container=&#8221;tag:p|font_size:1.1em|text_align:left&#8221; use_theme_fonts=&#8221;yes&#8221; animation_delay=&#8221;700&#8243; el_class=&#8221;mb-5&#8243; css_params=&#8221;&#8221;][vc_custom_heading text=&#8221;Disclaimer&#8221; font_container=&#8221;tag:h1|font_size:2.3em|text_align:left|line_height:1.2&#8243; use_theme_fonts=&#8221;yes&#8221; animation_delay=&#8221;500&#8243; el_class=&#8221;mb-0&#8243; css_params=&#8221;&#8221;][vc_column_text css=&#8221;&#8221; css_params=&#8221;&#8221;]<strong>\u00a7 1 Haftungsbeschr\u00e4nkung<\/strong><\/p>\n<p>Die Inhalte dieser Website werden mit gr\u00f6\u00dftm\u00f6glicher Sorgfalt erstellt. Der Anbieter \u00fcbernimmt jedoch keine Gew\u00e4hr f\u00fcr die Richtigkeit. Vollst\u00e4ndigkeit und Aktualit\u00e4t der bereitgestellten Inhalte. Die Nutzung der Inhalte der Website erfolgt auf eigene Gefahr des Nutzers. Namentlich gekennzeichnete Beitr\u00e4ge geben die Meinung des jeweiligen Autors und nicht immer die Meinung des Anbieters wieder. Mit der reinen Nutzung der Website des Anbieters kommt keinerlei Vertragsverh\u00e4ltnis zwischen dem Nutzer und dem Anbieter zustande.[\/vc_column_text][vc_column_text css=&#8221;&#8221; css_params=&#8221;&#8221;]<strong>\u00a7 2 Externe Links<\/strong><\/p>\n<p>Diese Website enth\u00e4lt Verkn\u00fcpfungen zu Websites Dritter (\u201eexterne Links\u201c). Diese Websites unterliegen der Haftung der jeweiligen Betreiber. Der Anbieter hat bei der erstmaligen Verkn\u00fcpfung der externen Links die fremden Inhalte daraufhin \u00fcberpr\u00fcft, ob etwaige Rechtsverst\u00f6\u00dfe bestehen. Zu dem Zeitpunkt waren keine Rechtsverst\u00f6\u00dfe ersichtliche. Der Anbieter hat keinerlei Einfluss auf die aktuelle und zuk\u00fcnftige Gestaltung und auf die Inhalte der verkn\u00fcpften Seiten. Das Setzen von externen Links bedeutet nicht, dass sich der Anbieter die hinter dem Verweis oder Link liegenden Inhalte zu Eigen macht. Eine st\u00e4ndige Kontrolle der externen Links ist f\u00fcr den Anbieter ohne konkrete Hinweise auf Rechtsverst\u00f6\u00dfe nicht zumutbar. Bei Kenntnis von Rechtsverst\u00f6\u00dfen werden jedoch derartige externe Links unverz\u00fcglich gel\u00f6scht.[\/vc_column_text][vc_column_text css=&#8221;&#8221; css_params=&#8221;&#8221;]<strong>\u00a7 3 Urheber- und Leistungsschutzrechte<\/strong><\/p>\n<p>Die auf dieser Website ver\u00f6ffentlichten Inhalte unterliegen dem deutschen Urheber- und Leistungsschutzrecht. Jede vom deutschen Urheber- und Leistungsschutzrecht nicht zugelassene Verwertung bedarf der vorherigen schriftlichen Zustimmung des Anbieters oder jeweiligen Rechteinhabers. Dies gilt insbesondere f\u00fcr Vervielf\u00e4ltigung, Bearbeitung, \u00dcbersetzung, Einspeicherung, Verarbeitung bzw. Wiedergabe von Inhalten in Datenbanken oder anderen elektronischen Medien und Systemen. Inhalte und Rechte Dritter sind dabei als solche gekennzeichnet. Die unerlaubte Vervielf\u00e4ltigung oder Weitergabe einzelner Inhalte oder kompletter Seiten ist nicht gestattet und strafbar. Lediglich die Herstellung von Kopien und Downloads f\u00fcr den pers\u00f6nlichen, privaten und nicht kommerziellen Gebrauch ist erlaubt. Die Darstellung dieser Website in fremden Frames ist nur mit schriftlicher Erlaubnis zul\u00e4ssig.[\/vc_column_text][vc_column_text css=&#8221;&#8221; css_params=&#8221;&#8221;]<strong>\u00a7 4 Besondere Nutzungsbedingungen<\/strong><\/p>\n<p>Soweit besondere Bedingungen f\u00fcr einzelne Nutzungen dieser Website von den vorgenannten Paragraphen abweichen, wird an entsprechender Stelle ausdr\u00fccklich darauf hingewiesen. In diesem Falle gelten im jeweiligen Einzelfall die besonderen Nutzungsbedingungen.[\/vc_column_text][\/vc_column][\/vc_row]<\/p>\n<\/div>","protected":false},"excerpt":{"rendered":"<p>[vc_row wrap_container=&#8221;yes&#8221; el_class=&#8221;my-1 py-5 bg-top-right&#8221; css=&#8221;.vc_custom_1593075657165{background-image: url(\/\/sw-themes.com\/porto_dummy\/wp-content\/uploads\/2020\/06\/dots-background-4.png?id=354) !important;background-position: 0 0 !important;background-repeat: no-repeat !important;}&#8221;][vc_column el_class=&#8221;mt-3&#8243;][vc_custom_heading text=&#8221;Angaben gem\u00e4\u00df \u00a7 5 DDG Firma: Maya Fettig PM Umz\u00fcge Einzelunternehmen Inhaberin: Maya Fettig Anschrift: Darumer Stra\u00dfe 10B 49086 Osnabr\u00fcck Deutschland Kontakt: Telefon: 015205121367 E-Mail: info@pm-umzuege.de Umsatzsteuer-Identifikationsnummer gem\u00e4\u00df \u00a7 27a Umsatzsteuergesetz (UStG): DE401739735 Berufsbezeichnung: Umzugshelfer\/ K\u00fcchenmonteur (verliehen in Deutschland) Hosting: Webhoster.de [&hellip;]<\/p>\n","protected":false},"author":1,"featured_media":7,"parent":0,"menu_order":0,"comment_status":"closed","ping_status":"closed","template":"","meta":{"_acf_changed":false,"footnotes":""},"class_list":["post-6023","page","type-page","status-publish","has-post-thumbnail","hentry"],"acf":[],"_links":{"self":[{"href":"https:\/\/pm-umzuege.de\/index.php\/wp-json\/wp\/v2\/pages\/6023","targetHints":{"allow":["GET"]}}],"collection":[{"href":"https:\/\/pm-umzuege.de\/index.php\/wp-json\/wp\/v2\/pages"}],"about":[{"href":"https:\/\/pm-umzuege.de\/index.php\/wp-json\/wp\/v2\/types\/page"}],"author":[{"embeddable":true,"href":"https:\/\/pm-umzuege.de\/index.php\/wp-json\/wp\/v2\/users\/1"}],"replies":[{"embeddable":true,"href":"https:\/\/pm-umzuege.de\/index.php\/wp-json\/wp\/v2\/comments?post=6023"}],"version-history":[{"count":8,"href":"https:\/\/pm-umzuege.de\/index.php\/wp-json\/wp\/v2\/pages\/6023\/revisions"}],"predecessor-version":[{"id":6031,"href":"https:\/\/pm-umzuege.de\/index.php\/wp-json\/wp\/v2\/pages\/6023\/revisions\/6031"}],"wp:featuredmedia":[{"embeddable":true,"href":"https:\/\/pm-umzuege.de\/index.php\/wp-json\/wp\/v2\/media\/7"}],"wp:attachment":[{"href":"https:\/\/pm-umzuege.de\/index.php\/wp-json\/wp\/v2\/media?parent=6023"}],"curies":[{"name":"wp","href":"https:\/\/api.w.org\/{rel}","templated":true}]}}